{"id":18,"date":"2025-05-16T16:46:57","date_gmt":"2025-05-16T14:46:57","guid":{"rendered":"https:\/\/herzensatem.de\/wp-2025\/?page_id=18"},"modified":"2025-12-06T21:19:27","modified_gmt":"2025-12-06T20:19:27","slug":"ueber-mich","status":"publish","type":"page","link":"https:\/\/herzensatem.de\/wp-2025\/ueber-mich\/","title":{"rendered":"\u00dcber mich"},"content":{"rendered":"\n<div class=\"wp-block-uagb-container banner uagb-layout-grid uagb-block-8d7e0ab1 alignfull uagb-is-root-container\">\n<p class=\"has-text-align-center zitat\"><\/p>\n<\/div>\n\n\n\n<div class=\"wp-block-uagb-container trenner uagb-block-59a105ce alignfull uagb-is-root-container\">\n<div class=\"wp-block-uagb-container trenner1 uagb-block-cf36577c\"><\/div>\n\n\n\n<div class=\"wp-block-uagb-container trenner2 uagb-block-54e49a0b alignfull uagb-is-root-container\"><\/div>\n<\/div>\n\n\n\n<section class=\"wp-block-uagb-container inhalt uagb-block-f88ced20 alignfull uagb-is-root-container\">\n<div class=\"wp-block-uagb-container cont uagb-block-d1c046f6\">\n<div class=\"wp-block-uagb-container rechts uagb-block-2fc14f73\"><\/div>\n\n\n\n<div class=\"wp-block-uagb-container bildCont uagb-block-f4236e1f\">\n<div class=\"wp-block-uagb-container uagb-block-6bb1a697\">\n<figure class=\"wp-block-image size-full\"><img loading=\"lazy\" decoding=\"async\" width=\"600\" height=\"666\" src=\"https:\/\/herzensatem.de\/wp-2025\/wp-content\/uploads\/2025\/05\/beate-maass-600.webp\" alt=\"Portrait Beate Maa\u00df\" class=\"wp-image-36\" srcset=\"https:\/\/herzensatem.de\/wp-2025\/wp-content\/uploads\/2025\/05\/beate-maass-600.webp 600w, https:\/\/herzensatem.de\/wp-2025\/wp-content\/uploads\/2025\/05\/beate-maass-600-270x300.webp 270w\" sizes=\"auto, (max-width: 600px) 100vw, 600px\" \/><\/figure>\n<\/div>\n\n\n\n<div class=\"wp-block-uagb-container uagb-block-4e1f3593\">\n<h1 class=\"wp-block-heading\">Beate Maa\u00df<\/h1>\n\n\n\n<h2 class=\"wp-block-heading\"><strong>iRest<sup>\u00ae<\/sup> Certified Teacher and Mentor<\/strong><\/h2>\n\n\n\n<p><strong>Yogalehrerin GGF und BDY\/EYU<\/strong><br>Klassischer Hatha-Yoga sowie in der Kaschmirischen Tradition<br>nach Jean Klein (Leopoldo Chariarse)<br>Yogalehrerin BDY\/EYU<\/p>\n\n\n\n<p><strong>Co-Trainerin der Weiterbildung <mark style=\"background-color:rgba(0, 0, 0, 0)\" class=\"has-inline-color has-custom-gruen-color\">The Practice of Welcoming<\/mark><\/strong><br><strong>nach N\u00f6le Giulini &nbsp;<\/strong><\/p>\n\n\n\n<p><strong>Sprachwissenschaftlerin<\/strong><\/p>\n<\/div>\n<\/div>\n\n\n\n<div class=\"wp-block-uagb-container rechts uagb-block-a655590d\">\n<p><strong><strong>Mein tiefstes Anliegen ist, Wege erfahrbar werden zu lassen, die uns erinnern an unsere Liebe, unsere friedvolle Gutheit und die lebendige Verbundenheit mit allem, was ist.<\/strong><\/strong><\/p>\n\n\n\n<p>Ich bin Leiterin, Co-Leiterin und Mentorin ganzheitlicher Yoga Nidra-Seminare, Weiterbildungen und Ausbildungen.<\/p>\n\n\n\n<p>Seit mittlerweile 30 Jahren begleiten mich nonduale Traditionen in Theorie und Praxis. Die Lehren und die Menschen hinter den Lehren des Tibetischen Buddhismus, des Yoga und des Kashmirischen Sivaismus haben mich zutiefst gepr\u00e4gt. Mein Dank von Herzen gilt vor allem meinem tibetisch-buddhistischen Lehrer Lama Chime Rinpoche, meinem Yogalehrer Leopoldo Chariarse und meiner iRest- und POW-Trainerin und Wegbegleiterin N\u00f6le Giulini. Und vielen Anderen auf meinem Weg.<\/p>\n\n\n\n<p><strong>iRest<sup>\u00ae <\/sup>Yoga Nidra<\/strong> nach Dr. Richard Miller (USA) und die hieraus und aus nondualen Traditionen entwickelte Methode <strong>The Practice of Welcoming<\/strong> nach N\u00f6le Giulini (USA) bilden seit 2015 den inneren Leitfaden meines Lernens und Lehrens. Die Tiefe und Wirkkraft dieser Praxis weitet den Raum, uns als verbunden, heil und ganz zu erkennen. So laden wir uns ein, im Alltag uns selbst Halt und zugleich weit ge\u00f6ffnet zu sein \u2013 ein geerdetes Bereitsein f\u00fcr die Fragen der Welt, ohne uns in ihnen zu verlieren.<\/p>\n\n\n\n<p>Als zertifizierte iRest<sup>\u00ae<\/sup> Yoga Nidra Lehrerin gebe ich Kurse, Workshops und Einzelstunden auf Basis dieser Methode.<\/p>\n\n\n\n<p>Studierende mit dem Ziel <em>Certified iRest<sup>\u00ae<\/sup>Teacher<\/em> begleite ich als iRest<sup>\u00ae<\/sup> Mentorin und Supervisorin in ihrem Zertifizierungsprozess. (Sprache: Deutsch und Englisch)<\/p>\n\n\n\n<p>Als Co-Trainerin der Weiterbildung <em>The Practice of Welcoming<\/em> nach N\u00f6le Giulini begleite ich N\u00f6le bei der Weiterbildung und biete als zus\u00e4tzliche Option die Wiederholung der einzelnen Module mit meiner Kollegin Maruma Mundhaas-Richter in Freiburg an.<\/p>\n\n\n\n<p>Ich bin Mutter von drei S\u00f6hnen und lebe mit meinem Mann in Ostwestfalen.<\/p>\n<\/div>\n<\/div>\n<\/section>\n\n\n\n<section class=\"wp-block-uagb-container inhalt uagb-block-891f93e0 alignfull uagb-is-root-container\">\n<div class=\"wp-block-uagb-container hg_unten uag-hide-mob uagb-block-c9be393a alignfull uagb-is-root-container\">\n<div class=\"wp-block-uagb-container hg-bild uagb-block-5b5d094c alignfull uagb-is-root-container\">\n<div class=\"wp-block-uagb-container uagb-block-e8aadf81\">\n<figure class=\"wp-block-image size-full\"><img decoding=\"async\" src=\"https:\/\/herzensatem.de\/wp-2025\/wp-content\/uploads\/2025\/05\/herzensatem-logo-pur.svg\" alt=\"\" class=\"wp-image-232\"\/><\/figure>\n\n\n\n<p class=\"has-text-align-right has-contrast-3-color has-text-color has-link-color wp-elements-5358b91f43214615600ce6cf4f7000cd\">Beate Maa\u00df<\/p>\n<\/div>\n<\/div>\n<\/div>\n<\/section>\n\n\n\n<div class=\"wp-block-uagb-container zertifikat uagb-block-b38533da alignfull uagb-is-root-container\">\n<figure class=\"wp-block-image size-full bild_1 uag-hide-mob\"><img loading=\"lazy\" decoding=\"async\" width=\"300\" height=\"300\" src=\"https:\/\/herzensatem.de\/wp-2025\/wp-content\/uploads\/2025\/05\/CT_logo_green_Teache.webp\" alt=\"Logo Certified IRest Teacher\" class=\"wp-image-31\" srcset=\"https:\/\/herzensatem.de\/wp-2025\/wp-content\/uploads\/2025\/05\/CT_logo_green_Teache.webp 300w, https:\/\/herzensatem.de\/wp-2025\/wp-content\/uploads\/2025\/05\/CT_logo_green_Teache-150x150.webp 150w\" sizes=\"auto, (max-width: 300px) 100vw, 300px\" \/><\/figure>\n\n\n\n<figure class=\"wp-block-image size-full bild_2 uag-hide-mob\"><img loading=\"lazy\" decoding=\"async\" width=\"250\" height=\"25\" src=\"https:\/\/herzensatem.de\/wp-2025\/wp-content\/uploads\/2025\/06\/Yogalehrerin_BDYEYU_RGB.png\" alt=\"Logo Yogalehrerin BDY\/EYU\" class=\"wp-image-792\"\/><\/figure>\n<\/div>\n","protected":false},"excerpt":{"rendered":"<p>Beate Maa\u00df iRest\u00ae Certified Teacher and Mentor Yogalehrerin GGF und BDY\/EYUKlassischer Hatha-Yoga sowie in der Kaschmirischen Traditionnach Jean Klein (Leopoldo Chariarse)Yogalehrerin BDY\/EYU Co-Trainerin der Weiterbildung The Practice of Welcomingnach N\u00f6le Giulini &nbsp; Sprachwissenschaftlerin Mein tiefstes Anliegen ist, Wege erfahrbar werden zu lassen, die uns erinnern an unsere Liebe, unsere friedvolle Gutheit und die lebendige Verbundenheit [&hellip;]<\/p>\n","protected":false},"author":1,"featured_media":0,"parent":0,"menu_order":0,"comment_status":"closed","ping_status":"closed","template":"","meta":{"_uag_custom_page_level_css":"","footnotes":""},"class_list":["post-18","page","type-page","status-publish","hentry"],"yoast_head":"<!-- This site is optimized with the Yoast SEO plugin v27.4 - https:\/\/yoast.com\/product\/yoast-seo-wordpress\/ -->\n<title>\u00dcber mich - Herzensatem<\/title>\n<meta name=\"description\" content=\"Beate Maa\u00df, Meditation, Yogalehrerin GGF + BDY\/EYUKlassischer Hatha-Yoga Yogalehrerin BDY\/EYU, zert. iRest Teacher, Bielefeld, Werther\" \/>\n<meta name=\"robots\" content=\"index, follow, max-snippet:-1, max-image-preview:large, max-video-preview:-1\" \/>\n<link rel=\"canonical\" href=\"https:\/\/herzensatem.de\/wp-2025\/ueber-mich\/\" \/>\n<meta property=\"og:locale\" content=\"de_DE\" \/>\n<meta property=\"og:type\" content=\"article\" \/>\n<meta property=\"og:title\" content=\"\u00dcber mich - Herzensatem\" \/>\n<meta property=\"og:description\" content=\"Beate Maa\u00df, Meditation, Yogalehrerin GGF + BDY\/EYUKlassischer Hatha-Yoga Yogalehrerin BDY\/EYU, zert. iRest Teacher, Bielefeld, Werther\" \/>\n<meta property=\"og:url\" content=\"https:\/\/herzensatem.de\/wp-2025\/ueber-mich\/\" \/>\n<meta property=\"og:site_name\" content=\"Herzensatem\" \/>\n<meta property=\"article:modified_time\" content=\"2025-12-06T20:19:27+00:00\" \/>\n<meta property=\"og:image\" content=\"https:\/\/herzensatem.de\/wp-2025\/wp-content\/uploads\/2025\/05\/beate-maass-600.webp\" \/>\n<meta name=\"twitter:card\" content=\"summary_large_image\" \/>\n<meta name=\"twitter:label1\" content=\"Gesch\u00e4tzte Lesezeit\" \/>\n\t<meta name=\"twitter:data1\" content=\"3\u00a0Minuten\" \/>\n<script type=\"application\/ld+json\" class=\"yoast-schema-graph\">{\"@context\":\"https:\\\/\\\/schema.org\",\"@graph\":[{\"@type\":\"WebPage\",\"@id\":\"https:\\\/\\\/herzensatem.de\\\/wp-2025\\\/ueber-mich\\\/\",\"url\":\"https:\\\/\\\/herzensatem.de\\\/wp-2025\\\/ueber-mich\\\/\",\"name\":\"\u00dcber mich - Herzensatem\",\"isPartOf\":{\"@id\":\"https:\\\/\\\/herzensatem.de\\\/wp-2025\\\/#website\"},\"primaryImageOfPage\":{\"@id\":\"https:\\\/\\\/herzensatem.de\\\/wp-2025\\\/ueber-mich\\\/#primaryimage\"},\"image\":{\"@id\":\"https:\\\/\\\/herzensatem.de\\\/wp-2025\\\/ueber-mich\\\/#primaryimage\"},\"thumbnailUrl\":\"https:\\\/\\\/herzensatem.de\\\/wp-2025\\\/wp-content\\\/uploads\\\/2025\\\/05\\\/beate-maass-600.webp\",\"datePublished\":\"2025-05-16T14:46:57+00:00\",\"dateModified\":\"2025-12-06T20:19:27+00:00\",\"description\":\"Beate Maa\u00df, Meditation, Yogalehrerin GGF + BDY\\\/EYUKlassischer Hatha-Yoga Yogalehrerin BDY\\\/EYU, zert. iRest Teacher, Bielefeld, Werther\",\"breadcrumb\":{\"@id\":\"https:\\\/\\\/herzensatem.de\\\/wp-2025\\\/ueber-mich\\\/#breadcrumb\"},\"inLanguage\":\"de\",\"potentialAction\":[{\"@type\":\"ReadAction\",\"target\":[\"https:\\\/\\\/herzensatem.de\\\/wp-2025\\\/ueber-mich\\\/\"]}]},{\"@type\":\"ImageObject\",\"inLanguage\":\"de\",\"@id\":\"https:\\\/\\\/herzensatem.de\\\/wp-2025\\\/ueber-mich\\\/#primaryimage\",\"url\":\"https:\\\/\\\/herzensatem.de\\\/wp-2025\\\/wp-content\\\/uploads\\\/2025\\\/05\\\/beate-maass-600.webp\",\"contentUrl\":\"https:\\\/\\\/herzensatem.de\\\/wp-2025\\\/wp-content\\\/uploads\\\/2025\\\/05\\\/beate-maass-600.webp\",\"width\":600,\"height\":666},{\"@type\":\"BreadcrumbList\",\"@id\":\"https:\\\/\\\/herzensatem.de\\\/wp-2025\\\/ueber-mich\\\/#breadcrumb\",\"itemListElement\":[{\"@type\":\"ListItem\",\"position\":1,\"name\":\"Startseite\",\"item\":\"https:\\\/\\\/herzensatem.de\\\/wp-2025\\\/\"},{\"@type\":\"ListItem\",\"position\":2,\"name\":\"\u00dcber mich\"}]},{\"@type\":\"WebSite\",\"@id\":\"https:\\\/\\\/herzensatem.de\\\/wp-2025\\\/#website\",\"url\":\"https:\\\/\\\/herzensatem.de\\\/wp-2025\\\/\",\"name\":\"Herzensatem\",\"description\":\"\",\"publisher\":{\"@id\":\"https:\\\/\\\/herzensatem.de\\\/wp-2025\\\/#organization\"},\"potentialAction\":[{\"@type\":\"SearchAction\",\"target\":{\"@type\":\"EntryPoint\",\"urlTemplate\":\"https:\\\/\\\/herzensatem.de\\\/wp-2025\\\/?s={search_term_string}\"},\"query-input\":{\"@type\":\"PropertyValueSpecification\",\"valueRequired\":true,\"valueName\":\"search_term_string\"}}],\"inLanguage\":\"de\"},{\"@type\":\"Organization\",\"@id\":\"https:\\\/\\\/herzensatem.de\\\/wp-2025\\\/#organization\",\"name\":\"Herzensatem\",\"url\":\"https:\\\/\\\/herzensatem.de\\\/wp-2025\\\/\",\"logo\":{\"@type\":\"ImageObject\",\"inLanguage\":\"de\",\"@id\":\"https:\\\/\\\/herzensatem.de\\\/wp-2025\\\/#\\\/schema\\\/logo\\\/image\\\/\",\"url\":\"https:\\\/\\\/herzensatem.de\\\/wp-2025\\\/wp-content\\\/uploads\\\/2025\\\/05\\\/herzensatem-logo-pur.svg\",\"contentUrl\":\"https:\\\/\\\/herzensatem.de\\\/wp-2025\\\/wp-content\\\/uploads\\\/2025\\\/05\\\/herzensatem-logo-pur.svg\",\"caption\":\"Herzensatem\"},\"image\":{\"@id\":\"https:\\\/\\\/herzensatem.de\\\/wp-2025\\\/#\\\/schema\\\/logo\\\/image\\\/\"}}]}<\/script>\n<!-- \/ Yoast SEO plugin. -->","yoast_head_json":{"title":"\u00dcber mich - Herzensatem","description":"Beate Maa\u00df, Meditation, Yogalehrerin GGF + BDY\/EYUKlassischer Hatha-Yoga Yogalehrerin BDY\/EYU, zert. iRest Teacher, Bielefeld, Werther","robots":{"index":"index","follow":"follow","max-snippet":"max-snippet:-1","max-image-preview":"max-image-preview:large","max-video-preview":"max-video-preview:-1"},"canonical":"https:\/\/herzensatem.de\/wp-2025\/ueber-mich\/","og_locale":"de_DE","og_type":"article","og_title":"\u00dcber mich - Herzensatem","og_description":"Beate Maa\u00df, Meditation, Yogalehrerin GGF + BDY\/EYUKlassischer Hatha-Yoga Yogalehrerin BDY\/EYU, zert. iRest Teacher, Bielefeld, Werther","og_url":"https:\/\/herzensatem.de\/wp-2025\/ueber-mich\/","og_site_name":"Herzensatem","article_modified_time":"2025-12-06T20:19:27+00:00","og_image":[{"url":"https:\/\/herzensatem.de\/wp-2025\/wp-content\/uploads\/2025\/05\/beate-maass-600.webp","type":"","width":"","height":""}],"twitter_card":"summary_large_image","twitter_misc":{"Gesch\u00e4tzte Lesezeit":"3\u00a0Minuten"},"schema":{"@context":"https:\/\/schema.org","@graph":[{"@type":"WebPage","@id":"https:\/\/herzensatem.de\/wp-2025\/ueber-mich\/","url":"https:\/\/herzensatem.de\/wp-2025\/ueber-mich\/","name":"\u00dcber mich - Herzensatem","isPartOf":{"@id":"https:\/\/herzensatem.de\/wp-2025\/#website"},"primaryImageOfPage":{"@id":"https:\/\/herzensatem.de\/wp-2025\/ueber-mich\/#primaryimage"},"image":{"@id":"https:\/\/herzensatem.de\/wp-2025\/ueber-mich\/#primaryimage"},"thumbnailUrl":"https:\/\/herzensatem.de\/wp-2025\/wp-content\/uploads\/2025\/05\/beate-maass-600.webp","datePublished":"2025-05-16T14:46:57+00:00","dateModified":"2025-12-06T20:19:27+00:00","description":"Beate Maa\u00df, Meditation, Yogalehrerin GGF + BDY\/EYUKlassischer Hatha-Yoga Yogalehrerin BDY\/EYU, zert. iRest Teacher, Bielefeld, Werther","breadcrumb":{"@id":"https:\/\/herzensatem.de\/wp-2025\/ueber-mich\/#breadcrumb"},"inLanguage":"de","potentialAction":[{"@type":"ReadAction","target":["https:\/\/herzensatem.de\/wp-2025\/ueber-mich\/"]}]},{"@type":"ImageObject","inLanguage":"de","@id":"https:\/\/herzensatem.de\/wp-2025\/ueber-mich\/#primaryimage","url":"https:\/\/herzensatem.de\/wp-2025\/wp-content\/uploads\/2025\/05\/beate-maass-600.webp","contentUrl":"https:\/\/herzensatem.de\/wp-2025\/wp-content\/uploads\/2025\/05\/beate-maass-600.webp","width":600,"height":666},{"@type":"BreadcrumbList","@id":"https:\/\/herzensatem.de\/wp-2025\/ueber-mich\/#breadcrumb","itemListElement":[{"@type":"ListItem","position":1,"name":"Startseite","item":"https:\/\/herzensatem.de\/wp-2025\/"},{"@type":"ListItem","position":2,"name":"\u00dcber mich"}]},{"@type":"WebSite","@id":"https:\/\/herzensatem.de\/wp-2025\/#website","url":"https:\/\/herzensatem.de\/wp-2025\/","name":"Herzensatem","description":"","publisher":{"@id":"https:\/\/herzensatem.de\/wp-2025\/#organization"},"potentialAction":[{"@type":"SearchAction","target":{"@type":"EntryPoint","urlTemplate":"https:\/\/herzensatem.de\/wp-2025\/?s={search_term_string}"},"query-input":{"@type":"PropertyValueSpecification","valueRequired":true,"valueName":"search_term_string"}}],"inLanguage":"de"},{"@type":"Organization","@id":"https:\/\/herzensatem.de\/wp-2025\/#organization","name":"Herzensatem","url":"https:\/\/herzensatem.de\/wp-2025\/","logo":{"@type":"ImageObject","inLanguage":"de","@id":"https:\/\/herzensatem.de\/wp-2025\/#\/schema\/logo\/image\/","url":"https:\/\/herzensatem.de\/wp-2025\/wp-content\/uploads\/2025\/05\/herzensatem-logo-pur.svg","contentUrl":"https:\/\/herzensatem.de\/wp-2025\/wp-content\/uploads\/2025\/05\/herzensatem-logo-pur.svg","caption":"Herzensatem"},"image":{"@id":"https:\/\/herzensatem.de\/wp-2025\/#\/schema\/logo\/image\/"}}]}},"uagb_featured_image_src":{"full":false,"thumbnail":false,"medium":false,"medium_large":false,"large":false,"1536x1536":false,"2048x2048":false},"uagb_author_info":{"display_name":"admin","author_link":"https:\/\/herzensatem.de\/wp-2025\/author\/admin\/"},"uagb_comment_info":0,"uagb_excerpt":"Beate Maa\u00df iRest\u00ae Certified Teacher and Mentor Yogalehrerin GGF und BDY\/EYUKlassischer Hatha-Yoga sowie in der Kaschmirischen Traditionnach Jean Klein (Leopoldo Chariarse)Yogalehrerin BDY\/EYU Co-Trainerin der Weiterbildung The Practice of Welcomingnach N\u00f6le Giulini &nbsp; Sprachwissenschaftlerin Mein tiefstes Anliegen ist, Wege erfahrbar werden zu lassen, die uns erinnern an unsere Liebe, unsere friedvolle Gutheit und die lebendige Verbundenheit&hellip;","_links":{"self":[{"href":"https:\/\/herzensatem.de\/wp-2025\/wp-json\/wp\/v2\/pages\/18","targetHints":{"allow":["GET"]}}],"collection":[{"href":"https:\/\/herzensatem.de\/wp-2025\/wp-json\/wp\/v2\/pages"}],"about":[{"href":"https:\/\/herzensatem.de\/wp-2025\/wp-json\/wp\/v2\/types\/page"}],"author":[{"embeddable":true,"href":"https:\/\/herzensatem.de\/wp-2025\/wp-json\/wp\/v2\/users\/1"}],"replies":[{"embeddable":true,"href":"https:\/\/herzensatem.de\/wp-2025\/wp-json\/wp\/v2\/comments?post=18"}],"version-history":[{"count":71,"href":"https:\/\/herzensatem.de\/wp-2025\/wp-json\/wp\/v2\/pages\/18\/revisions"}],"predecessor-version":[{"id":1482,"href":"https:\/\/herzensatem.de\/wp-2025\/wp-json\/wp\/v2\/pages\/18\/revisions\/1482"}],"wp:attachment":[{"href":"https:\/\/herzensatem.de\/wp-2025\/wp-json\/wp\/v2\/media?parent=18"}],"curies":[{"name":"wp","href":"https:\/\/api.w.org\/{rel}","templated":true}]}}