{"id":10,"date":"2025-05-16T16:45:43","date_gmt":"2025-05-16T14:45:43","guid":{"rendered":"https:\/\/herzensatem.de\/wp-2025\/?page_id=10"},"modified":"2025-12-06T20:51:33","modified_gmt":"2025-12-06T19:51:33","slug":"irest","status":"publish","type":"page","link":"https:\/\/herzensatem.de\/wp-2025\/irest\/","title":{"rendered":"iRest"},"content":{"rendered":"\n<div class=\"wp-block-uagb-container banner uagb-layout-grid uagb-block-8d7e0ab1 alignfull uagb-is-root-container\">\n<p><\/p>\n<\/div>\n\n\n\n<div class=\"wp-block-uagb-container trenner uagb-block-59a105ce alignfull uagb-is-root-container\">\n<div class=\"wp-block-uagb-container trenner1 uagb-block-cf36577c\"><\/div>\n\n\n\n<div class=\"wp-block-uagb-container trenner2 uagb-block-54e49a0b alignfull uagb-is-root-container\"><\/div>\n<\/div>\n\n\n\n<section class=\"wp-block-uagb-container inhalt uagb-block-f88ced20 alignfull uagb-is-root-container\">\n<div class=\"wp-block-uagb-container cont uagb-block-d1c046f6\">\n<div class=\"wp-block-uagb-container rechts uagb-block-2fc14f73\">\n<h1 class=\"wp-block-heading\">iRest<sup>\u00ae<\/sup> Yoga Nidra<\/h1>\n\n\n\n<h2 class=\"wp-block-heading\">Regenerierend und erfrischend f\u00fcr K\u00f6rper und Geist<\/h2>\n\n\n\n<p><strong><strong>Tief entspannend und belebend. Altes, Ersch\u00f6pfendes, weicht auf und l\u00f6st sich. Wir laden N\u00e4hrendes und Wohltuendes ein<\/strong>.<\/strong><br><br>In dieser Zeit f\u00fcr uns selbst \u00fcben wir, offen und mitf\u00fchlend mit dem zu sein, was der Moment uns bietet. Mit Gedanken, Erinnerungen, Glaubenss\u00e4tzen oder Emotionen, die in dem einen Moment pr\u00e4sent sind. Gl\u00fcck und Freude hei\u00dfen wir ebenso willkommen wie Schmerz, Unruhe und Sorgen. Es gibt kein Richtig oder Falsch, kein Gut oder Schlecht. Indem wir uns mehr und mehr dem jetzigen Augenblick \u00f6ffnen, wird die darunter liegende Freiheit sp\u00fcrbar. Wir st\u00e4rken unsere innewohnende Kapazit\u00e4t, liebevoll und f\u00fcrsorglich mit uns zu sein und den Wechself\u00e4llen des Lebens gelassener zu begegnen.<\/p>\n<\/div>\n\n\n\n<div class=\"wp-block-uagb-container bildCont uagb-block-f4236e1f\">\n<div class=\"wp-block-uagb-container uagb-block-6bb1a697\">\n<figure class=\"wp-block-image size-full\"><img loading=\"lazy\" decoding=\"async\" width=\"320\" height=\"213\" src=\"https:\/\/herzensatem.de\/wp-2025\/wp-content\/uploads\/2025\/05\/Fenster.jpg\" alt=\"Junger Mann sitzt im Fenster\" class=\"wp-image-372\" srcset=\"https:\/\/herzensatem.de\/wp-2025\/wp-content\/uploads\/2025\/05\/Fenster.jpg 320w, https:\/\/herzensatem.de\/wp-2025\/wp-content\/uploads\/2025\/05\/Fenster-300x200.jpg 300w\" sizes=\"auto, (max-width: 320px) 100vw, 320px\" \/><\/figure>\n<\/div>\n\n\n\n<div class=\"wp-block-uagb-container uagb-block-4e1f3593\">\n<p>iRest Yoga Nidra ist eine selbsterforschende k\u00f6rperzentrierte Meditationspraxis. Behutsames inneres Erkunden bes\u00e4nftigt das Nervensystem und erm\u00f6glicht tiefe Entspannung und geistige Ruhe. Schmerzhafte Denkmuster und Emotionen, die sich im K\u00f6rper-Geist-System eingenistet haben, weichen auf. Raum f\u00fcr Neues und N\u00e4hrendes entsteht. Yoga Nidra \u00f6ffnet den Erfahrungsraum, sich tiefer mit seiner Essenz zu verbinden.<br><\/p>\n<\/div>\n<\/div>\n\n\n\n<div class=\"wp-block-uagb-container rechts uagb-block-a655590d\">\n<p>iRest<sup>\u00ae<\/sup>&nbsp;\u2013 Integrative Restoration \u2013 basiert auf alten \u00f6stlichen spirituellen Lehren und wurde von Dr. Richard Miller, klinischer Psychologe, langj\u00e4hriger Meditationslehrer und Gr\u00fcnder des Integrative Restoration Institutes (IRI), unter Ber\u00fccksichtigung aktueller neurowissenschaftlicher Erkenntnisse erweitert und angepasst an unsere westliche, heute oft stressige Zeit.&nbsp;<br>Die iRest Yoga Nidra-Praxis ist forschungsbegr\u00fcndet und erm\u00f6glicht, Schlafst\u00f6rungen, hohen Stress, \u00c4ngste, chronische Schmerzen oder M\u00fcdigkeit, Depressionen oder Umst\u00e4nde \u00e4hnlicher Art wirksam zu reduzieren.<br><a href=\"http:\/\/www.irest.us\/\">www.irest.org<\/a><\/p>\n<\/div>\n<\/div>\n<\/section>\n\n\n\n<section class=\"wp-block-uagb-container uagb-block-891f93e0 alignfull uagb-is-root-container\">\n<div class=\"wp-block-uagb-container hg_unten uag-hide-mob uagb-block-c9be393a alignfull uagb-is-root-container\">\n<div class=\"wp-block-uagb-container hg-bild uagb-block-5b5d094c alignfull uagb-is-root-container\">\n<div class=\"wp-block-uagb-container uagb-block-e8aadf81\">\n<figure class=\"wp-block-image size-full\"><img decoding=\"async\" src=\"https:\/\/herzensatem.de\/wp-2025\/wp-content\/uploads\/2025\/05\/herzensatem-logo-pur.svg\" alt=\"\" class=\"wp-image-232\"\/><\/figure>\n\n\n\n<p class=\"has-text-align-right has-contrast-3-color has-text-color has-link-color wp-elements-5358b91f43214615600ce6cf4f7000cd\">Beate Maa\u00df<\/p>\n<\/div>\n<\/div>\n<\/div>\n<\/section>\n\n\n\n<section class=\"wp-block-uagb-container inhalt uagb-block-6c536312 alignfull uagb-is-root-container\">\n<div class=\"wp-block-uagb-container cont uagb-block-c9cc6f85\">\n<div class=\"wp-block-uagb-container rechts uagb-block-3b4ad92d\">\n<h2 class=\"wp-block-heading\">6 Wochenkurs<\/h2>\n\n\n\n<p><strong>in 6 oder 8 Wochen-Kurs in iRest<sup>\u00ae <\/sup>Yoga Nidra Meditation bietet die Gelegenheit, diese einfach auszu\u00fcbende Praxis kennenzulernen oder zu vertiefen, \u00fcber einen l\u00e4ngeren Zeitraum zu \u00fcben und deren heilsame und wohltuende Wirkung zu erfahren.<\/strong><br>Von Woche zu Woche k\u00f6nnen einzelne Elemente oder die ganze Praxis in den eigenen Alltag integriert werden. Der Kurs beinhaltet einen \u00dcberblick \u00fcber die Meditationspraxis iRest<sup>\u00ae <\/sup>Yoga Nidra, eine Erl\u00e4uterung der einzelnen Stufen und gef\u00fchrte iRest<sup>\u00ae <\/sup>Yoga Nidra Meditationen. Sanfte K\u00f6rper\u00fcbungen und Raum f\u00fcr Austausch runden die jeweiligen Einheiten ab<\/p>\n<\/div>\n\n\n\n<div class=\"wp-block-uagb-container bildCont uagb-block-1cb8c751\">\n<div class=\"wp-block-uagb-container uagb-block-ad563385\">\n<figure class=\"wp-block-image size-full\"><img loading=\"lazy\" decoding=\"async\" width=\"320\" height=\"213\" src=\"https:\/\/herzensatem.de\/wp-2025\/wp-content\/uploads\/2025\/05\/2480.jpg\" alt=\"Gruppe Meditierender\" class=\"wp-image-586\" srcset=\"https:\/\/herzensatem.de\/wp-2025\/wp-content\/uploads\/2025\/05\/2480.jpg 320w, https:\/\/herzensatem.de\/wp-2025\/wp-content\/uploads\/2025\/05\/2480-300x200.jpg 300w\" sizes=\"auto, (max-width: 320px) 100vw, 320px\" \/><\/figure>\n<\/div>\n\n\n\n<div class=\"wp-block-uagb-container uagb-block-6c840eca\">\n<p>In jeder Meditationspraxis stehen ein oder zwei Elemente der iRest<sup>\u00ae <\/sup>Yoga Nidra Meditation im Mittelpunkt.<br>\u2022 Innere Quelle der Sicherheit und Geborgenheit<br>\u2022 Intention und tiefster Herzenswunsch<br>\u2022 K\u00f6rperempfindung &amp; Atem und Energie<br>\u2022 Gef\u00fchle und Emotionen<br>\u2022 Gedanken, Konzepte und Vorstellungen<br>\u2022 Freude, Gl\u00fcckseligkeit und Wohlbefinden<br>\u2022 Ich-Bewusstein, Beobachter, Sein, Gewahrsein<br>\u2022 Integration in die Welt<\/p>\n<\/div>\n<\/div>\n\n\n\n<div class=\"wp-block-uagb-container rechts uagb-block-e9688cec\">\n<p>Jeder Teil dieser Praxis ist ein Tor zu mehr Leichtigkeit, Gesundheit und Ganzheit im Leben. iRest<sup>\u00ae <\/sup>Yoga Nidra Meditation ist f\u00fcr jede\/n geeignet und braucht keine Vorkenntnisse.<\/p>\n<\/div>\n<\/div>\n<\/section>\n\n\n\n<section class=\"wp-block-uagb-container inhalt uagb-block-fbba4e51 alignfull uagb-is-root-container\">\n<div class=\"wp-block-uagb-container cont uagb-block-34345cbc\">\n<div class=\"wp-block-uagb-container rechts uagb-block-e57c96e3\">\n<h2 class=\"wp-block-heading\">Tagesworkshop<\/h2>\n\n\n\n<p>Tagesworkshops k\u00f6nnen verschiedene Themen als Schwerpunkt haben oder auf bestimmte Personengruppen ausgerichtet sein. Die Basis ist jeweils iRest<sup>\u00ae <\/sup>Yoga Nidra. Tagesworkshops sind auch auf Anfrage m\u00f6glich.<br><\/p>\n\n\n\n<p><\/p>\n\n\n\n<h2 class=\"wp-block-heading\">Supervision f\u00fcr angehende Certified iRest<sup>\u00ae<\/sup>Teacher<\/h2>\n\n\n\n<p>Als iRest<sup>\u00ae<\/sup> Mentorin und Supervisorin begleite ich die Studierenden mit dem Ziel Certified iRest<sup>\u00ae<\/sup> Teacher in ihrem Zertifizierungsprozess.<br>F\u00fcr ein pers\u00f6nliches Kennenlernen biete ich ein kostenloses Erstgespr\u00e4ch (i.d.R. zw. 40 und 60 Minuten) via Zoom oder per Telefon an. Um einen Termin zu vereinbaren, schreiben Sie\/schreib mir einfach eine <a href=\"mailto:info@herzensatem.de?subject=Supervision\">E-Mail<\/a>.<\/p>\n<\/div>\n<\/div>\n<\/section>\n","protected":false},"excerpt":{"rendered":"<p>iRest\u00ae Yoga Nidra Regenerierend und erfrischend f\u00fcr K\u00f6rper und Geist Tief entspannend und belebend. Altes, Ersch\u00f6pfendes, weicht auf und l\u00f6st sich. Wir laden N\u00e4hrendes und Wohltuendes ein. In dieser Zeit f\u00fcr uns selbst \u00fcben wir, offen und mitf\u00fchlend mit dem zu sein, was der Moment uns bietet. Mit Gedanken, Erinnerungen, Glaubenss\u00e4tzen oder Emotionen, die in [&hellip;]<\/p>\n","protected":false},"author":1,"featured_media":0,"parent":0,"menu_order":0,"comment_status":"closed","ping_status":"closed","template":"","meta":{"_uag_custom_page_level_css":"","footnotes":""},"class_list":["post-10","page","type-page","status-publish","hentry"],"yoast_head":"<!-- This site is optimized with the Yoast SEO plugin v27.4 - https:\/\/yoast.com\/product\/yoast-seo-wordpress\/ -->\n<title>iRest \u00ae Yoga Nidra Meditation - Herzensatem<\/title>\n<meta name=\"description\" content=\"Beate Maa\u00df, Mentorin \u2013 iRest\u00ae Yoga Nidra, selbsterforschende k\u00f6rperzentrierte Meditationspraxis, Workshops, pers\u00f6nliche Begleitung\" \/>\n<meta name=\"robots\" content=\"index, follow, max-snippet:-1, max-image-preview:large, max-video-preview:-1\" \/>\n<link rel=\"canonical\" href=\"https:\/\/herzensatem.de\/wp-2025\/irest\/\" \/>\n<meta property=\"og:locale\" content=\"de_DE\" \/>\n<meta property=\"og:type\" content=\"article\" \/>\n<meta property=\"og:title\" content=\"iRest \u00ae Yoga Nidra Meditation - Herzensatem\" \/>\n<meta property=\"og:description\" content=\"Beate Maa\u00df, Mentorin \u2013 iRest\u00ae Yoga Nidra, selbsterforschende k\u00f6rperzentrierte Meditationspraxis, Workshops, pers\u00f6nliche Begleitung\" \/>\n<meta property=\"og:url\" content=\"https:\/\/herzensatem.de\/wp-2025\/irest\/\" \/>\n<meta property=\"og:site_name\" content=\"Herzensatem\" \/>\n<meta property=\"article:modified_time\" content=\"2025-12-06T19:51:33+00:00\" \/>\n<meta property=\"og:image\" content=\"https:\/\/herzensatem.de\/wp-2025\/wp-content\/uploads\/2025\/05\/Fenster.jpg\" \/>\n<meta name=\"twitter:card\" content=\"summary_large_image\" \/>\n<meta name=\"twitter:label1\" content=\"Gesch\u00e4tzte Lesezeit\" \/>\n\t<meta name=\"twitter:data1\" content=\"4\u00a0Minuten\" \/>\n<script type=\"application\/ld+json\" class=\"yoast-schema-graph\">{\"@context\":\"https:\\\/\\\/schema.org\",\"@graph\":[{\"@type\":\"WebPage\",\"@id\":\"https:\\\/\\\/herzensatem.de\\\/wp-2025\\\/irest\\\/\",\"url\":\"https:\\\/\\\/herzensatem.de\\\/wp-2025\\\/irest\\\/\",\"name\":\"iRest \u00ae Yoga Nidra Meditation - Herzensatem\",\"isPartOf\":{\"@id\":\"https:\\\/\\\/herzensatem.de\\\/wp-2025\\\/#website\"},\"primaryImageOfPage\":{\"@id\":\"https:\\\/\\\/herzensatem.de\\\/wp-2025\\\/irest\\\/#primaryimage\"},\"image\":{\"@id\":\"https:\\\/\\\/herzensatem.de\\\/wp-2025\\\/irest\\\/#primaryimage\"},\"thumbnailUrl\":\"https:\\\/\\\/herzensatem.de\\\/wp-2025\\\/wp-content\\\/uploads\\\/2025\\\/05\\\/Fenster.jpg\",\"datePublished\":\"2025-05-16T14:45:43+00:00\",\"dateModified\":\"2025-12-06T19:51:33+00:00\",\"description\":\"Beate Maa\u00df, Mentorin \u2013 iRest\u00ae Yoga Nidra, selbsterforschende k\u00f6rperzentrierte Meditationspraxis, Workshops, pers\u00f6nliche Begleitung\",\"breadcrumb\":{\"@id\":\"https:\\\/\\\/herzensatem.de\\\/wp-2025\\\/irest\\\/#breadcrumb\"},\"inLanguage\":\"de\",\"potentialAction\":[{\"@type\":\"ReadAction\",\"target\":[\"https:\\\/\\\/herzensatem.de\\\/wp-2025\\\/irest\\\/\"]}]},{\"@type\":\"ImageObject\",\"inLanguage\":\"de\",\"@id\":\"https:\\\/\\\/herzensatem.de\\\/wp-2025\\\/irest\\\/#primaryimage\",\"url\":\"https:\\\/\\\/herzensatem.de\\\/wp-2025\\\/wp-content\\\/uploads\\\/2025\\\/05\\\/Fenster.jpg\",\"contentUrl\":\"https:\\\/\\\/herzensatem.de\\\/wp-2025\\\/wp-content\\\/uploads\\\/2025\\\/05\\\/Fenster.jpg\",\"width\":320,\"height\":213},{\"@type\":\"BreadcrumbList\",\"@id\":\"https:\\\/\\\/herzensatem.de\\\/wp-2025\\\/irest\\\/#breadcrumb\",\"itemListElement\":[{\"@type\":\"ListItem\",\"position\":1,\"name\":\"Startseite\",\"item\":\"https:\\\/\\\/herzensatem.de\\\/wp-2025\\\/\"},{\"@type\":\"ListItem\",\"position\":2,\"name\":\"iRest\"}]},{\"@type\":\"WebSite\",\"@id\":\"https:\\\/\\\/herzensatem.de\\\/wp-2025\\\/#website\",\"url\":\"https:\\\/\\\/herzensatem.de\\\/wp-2025\\\/\",\"name\":\"Herzensatem\",\"description\":\"\",\"publisher\":{\"@id\":\"https:\\\/\\\/herzensatem.de\\\/wp-2025\\\/#organization\"},\"potentialAction\":[{\"@type\":\"SearchAction\",\"target\":{\"@type\":\"EntryPoint\",\"urlTemplate\":\"https:\\\/\\\/herzensatem.de\\\/wp-2025\\\/?s={search_term_string}\"},\"query-input\":{\"@type\":\"PropertyValueSpecification\",\"valueRequired\":true,\"valueName\":\"search_term_string\"}}],\"inLanguage\":\"de\"},{\"@type\":\"Organization\",\"@id\":\"https:\\\/\\\/herzensatem.de\\\/wp-2025\\\/#organization\",\"name\":\"Herzensatem\",\"url\":\"https:\\\/\\\/herzensatem.de\\\/wp-2025\\\/\",\"logo\":{\"@type\":\"ImageObject\",\"inLanguage\":\"de\",\"@id\":\"https:\\\/\\\/herzensatem.de\\\/wp-2025\\\/#\\\/schema\\\/logo\\\/image\\\/\",\"url\":\"https:\\\/\\\/herzensatem.de\\\/wp-2025\\\/wp-content\\\/uploads\\\/2025\\\/05\\\/herzensatem-logo-pur.svg\",\"contentUrl\":\"https:\\\/\\\/herzensatem.de\\\/wp-2025\\\/wp-content\\\/uploads\\\/2025\\\/05\\\/herzensatem-logo-pur.svg\",\"caption\":\"Herzensatem\"},\"image\":{\"@id\":\"https:\\\/\\\/herzensatem.de\\\/wp-2025\\\/#\\\/schema\\\/logo\\\/image\\\/\"}}]}<\/script>\n<!-- \/ Yoast SEO plugin. -->","yoast_head_json":{"title":"iRest \u00ae Yoga Nidra Meditation - Herzensatem","description":"Beate Maa\u00df, Mentorin \u2013 iRest\u00ae Yoga Nidra, selbsterforschende k\u00f6rperzentrierte Meditationspraxis, Workshops, pers\u00f6nliche Begleitung","robots":{"index":"index","follow":"follow","max-snippet":"max-snippet:-1","max-image-preview":"max-image-preview:large","max-video-preview":"max-video-preview:-1"},"canonical":"https:\/\/herzensatem.de\/wp-2025\/irest\/","og_locale":"de_DE","og_type":"article","og_title":"iRest \u00ae Yoga Nidra Meditation - Herzensatem","og_description":"Beate Maa\u00df, Mentorin \u2013 iRest\u00ae Yoga Nidra, selbsterforschende k\u00f6rperzentrierte Meditationspraxis, Workshops, pers\u00f6nliche Begleitung","og_url":"https:\/\/herzensatem.de\/wp-2025\/irest\/","og_site_name":"Herzensatem","article_modified_time":"2025-12-06T19:51:33+00:00","og_image":[{"url":"https:\/\/herzensatem.de\/wp-2025\/wp-content\/uploads\/2025\/05\/Fenster.jpg","type":"","width":"","height":""}],"twitter_card":"summary_large_image","twitter_misc":{"Gesch\u00e4tzte Lesezeit":"4\u00a0Minuten"},"schema":{"@context":"https:\/\/schema.org","@graph":[{"@type":"WebPage","@id":"https:\/\/herzensatem.de\/wp-2025\/irest\/","url":"https:\/\/herzensatem.de\/wp-2025\/irest\/","name":"iRest \u00ae Yoga Nidra Meditation - Herzensatem","isPartOf":{"@id":"https:\/\/herzensatem.de\/wp-2025\/#website"},"primaryImageOfPage":{"@id":"https:\/\/herzensatem.de\/wp-2025\/irest\/#primaryimage"},"image":{"@id":"https:\/\/herzensatem.de\/wp-2025\/irest\/#primaryimage"},"thumbnailUrl":"https:\/\/herzensatem.de\/wp-2025\/wp-content\/uploads\/2025\/05\/Fenster.jpg","datePublished":"2025-05-16T14:45:43+00:00","dateModified":"2025-12-06T19:51:33+00:00","description":"Beate Maa\u00df, Mentorin \u2013 iRest\u00ae Yoga Nidra, selbsterforschende k\u00f6rperzentrierte Meditationspraxis, Workshops, pers\u00f6nliche Begleitung","breadcrumb":{"@id":"https:\/\/herzensatem.de\/wp-2025\/irest\/#breadcrumb"},"inLanguage":"de","potentialAction":[{"@type":"ReadAction","target":["https:\/\/herzensatem.de\/wp-2025\/irest\/"]}]},{"@type":"ImageObject","inLanguage":"de","@id":"https:\/\/herzensatem.de\/wp-2025\/irest\/#primaryimage","url":"https:\/\/herzensatem.de\/wp-2025\/wp-content\/uploads\/2025\/05\/Fenster.jpg","contentUrl":"https:\/\/herzensatem.de\/wp-2025\/wp-content\/uploads\/2025\/05\/Fenster.jpg","width":320,"height":213},{"@type":"BreadcrumbList","@id":"https:\/\/herzensatem.de\/wp-2025\/irest\/#breadcrumb","itemListElement":[{"@type":"ListItem","position":1,"name":"Startseite","item":"https:\/\/herzensatem.de\/wp-2025\/"},{"@type":"ListItem","position":2,"name":"iRest"}]},{"@type":"WebSite","@id":"https:\/\/herzensatem.de\/wp-2025\/#website","url":"https:\/\/herzensatem.de\/wp-2025\/","name":"Herzensatem","description":"","publisher":{"@id":"https:\/\/herzensatem.de\/wp-2025\/#organization"},"potentialAction":[{"@type":"SearchAction","target":{"@type":"EntryPoint","urlTemplate":"https:\/\/herzensatem.de\/wp-2025\/?s={search_term_string}"},"query-input":{"@type":"PropertyValueSpecification","valueRequired":true,"valueName":"search_term_string"}}],"inLanguage":"de"},{"@type":"Organization","@id":"https:\/\/herzensatem.de\/wp-2025\/#organization","name":"Herzensatem","url":"https:\/\/herzensatem.de\/wp-2025\/","logo":{"@type":"ImageObject","inLanguage":"de","@id":"https:\/\/herzensatem.de\/wp-2025\/#\/schema\/logo\/image\/","url":"https:\/\/herzensatem.de\/wp-2025\/wp-content\/uploads\/2025\/05\/herzensatem-logo-pur.svg","contentUrl":"https:\/\/herzensatem.de\/wp-2025\/wp-content\/uploads\/2025\/05\/herzensatem-logo-pur.svg","caption":"Herzensatem"},"image":{"@id":"https:\/\/herzensatem.de\/wp-2025\/#\/schema\/logo\/image\/"}}]}},"uagb_featured_image_src":{"full":false,"thumbnail":false,"medium":false,"medium_large":false,"large":false,"1536x1536":false,"2048x2048":false},"uagb_author_info":{"display_name":"admin","author_link":"https:\/\/herzensatem.de\/wp-2025\/author\/admin\/"},"uagb_comment_info":0,"uagb_excerpt":"iRest\u00ae Yoga Nidra Regenerierend und erfrischend f\u00fcr K\u00f6rper und Geist Tief entspannend und belebend. Altes, Ersch\u00f6pfendes, weicht auf und l\u00f6st sich. Wir laden N\u00e4hrendes und Wohltuendes ein. In dieser Zeit f\u00fcr uns selbst \u00fcben wir, offen und mitf\u00fchlend mit dem zu sein, was der Moment uns bietet. Mit Gedanken, Erinnerungen, Glaubenss\u00e4tzen oder Emotionen, die in&hellip;","_links":{"self":[{"href":"https:\/\/herzensatem.de\/wp-2025\/wp-json\/wp\/v2\/pages\/10","targetHints":{"allow":["GET"]}}],"collection":[{"href":"https:\/\/herzensatem.de\/wp-2025\/wp-json\/wp\/v2\/pages"}],"about":[{"href":"https:\/\/herzensatem.de\/wp-2025\/wp-json\/wp\/v2\/types\/page"}],"author":[{"embeddable":true,"href":"https:\/\/herzensatem.de\/wp-2025\/wp-json\/wp\/v2\/users\/1"}],"replies":[{"embeddable":true,"href":"https:\/\/herzensatem.de\/wp-2025\/wp-json\/wp\/v2\/comments?post=10"}],"version-history":[{"count":91,"href":"https:\/\/herzensatem.de\/wp-2025\/wp-json\/wp\/v2\/pages\/10\/revisions"}],"predecessor-version":[{"id":1472,"href":"https:\/\/herzensatem.de\/wp-2025\/wp-json\/wp\/v2\/pages\/10\/revisions\/1472"}],"wp:attachment":[{"href":"https:\/\/herzensatem.de\/wp-2025\/wp-json\/wp\/v2\/media?parent=10"}],"curies":[{"name":"wp","href":"https:\/\/api.w.org\/{rel}","templated":true}]}}